{"id":6,"date":"2013-08-17T12:12:13","date_gmt":"2013-08-17T12:12:13","guid":{"rendered":"http:\/\/fraumorena.wordpress.com\/?page_id=1"},"modified":"2015-03-04T17:07:48","modified_gmt":"2015-03-04T16:07:48","slug":"about","status":"publish","type":"page","link":"https:\/\/annamorena.de\/travelblog\/?page_id=6","title":{"rendered":"\u00dcber mich \/\/ About me"},"content":{"rendered":"<p><strong>Hallo und herzlich Willkommen!<\/strong><br \/>\nSch\u00f6n, dass Du auf meinen Blog gesto\u00dfen bist!<\/p>\n<p>Ich bin Anna, 29, Grafik Designerin und passionierte Fotografin, Gro\u00dfstadtmensch und Naturliebhaberin. Ich bin ein Mensch, der mit offenen Augen durch die Welt l\u00e4uft und versucht, die sch\u00f6nen \/ ungew\u00f6hnlichen \/ ber\u00fchrenden \/ skurrilen Dinge aus ihr herauszukitzeln :) und ich teile meine Erlebnisse gerne. Durch Worte und durch Bilder. Ich arbeite als Grafik Designerin in einer <a href=\"https:\/\/www.facebook.com\/heldenkg\/\" target=\"_blank\">sch\u00f6nen kleinen Agentur in K\u00f6ln<\/a> und in meiner freien Zeit reise ich gerne &#8230; durch die Welt, durch K\u00f6ln, durch Geschichten in B\u00fcchern, durchs Internet. Das Leben ist voller Geschichten. Let\u2019s collect and share them!<\/p>\n<p>Wenn ihr mir eine private Nachricht\u00a0schreiben wollt\u00a0(zu was auch immer), k\u00f6nnt ihr das gerne \u00fcber\u00a0travel(at)annamorena.de tun :)<\/p>\n<p><a href=\"https:\/\/annamorena.de\/travelblog\/wp-content\/uploads\/2013\/08\/998822_10200530282077942_265755476_n.jpg\"><img loading=\"lazy\" decoding=\"async\" class=\"alignnone size-thumbnail wp-image-28\" src=\"https:\/\/annamorena.de\/travelblog\/wp-content\/uploads\/2013\/08\/998822_10200530282077942_265755476_n.jpg?w=150\" alt=\"998822_10200530282077942_265755476_n\" width=\"150\" height=\"150\" srcset=\"https:\/\/annamorena.de\/travelblog\/wp-content\/uploads\/2013\/08\/998822_10200530282077942_265755476_n.jpg 719w, https:\/\/annamorena.de\/travelblog\/wp-content\/uploads\/2013\/08\/998822_10200530282077942_265755476_n-150x150.jpg 150w, https:\/\/annamorena.de\/travelblog\/wp-content\/uploads\/2013\/08\/998822_10200530282077942_265755476_n-300x300.jpg 300w\" sizes=\"auto, (max-width: 150px) 100vw, 150px\" \/><\/a><\/p>\n<p><em><strong>Hi and Welcome to my blog!<\/strong><br \/>\n<\/em><\/p>\n<p><em> If you ask yourself who is the person behind all this: I&#8217;m Anna, a 29 years old graphic designer and passionate photographer from Cologne, Germany. I love to walk around with my camera trying to catch the wonderful \/ unique \/ touching \/ bizarre scenes and places surrounding us. And I love to share my discoveries :) through words and through pictures. I love traveling &#8211; the world, across Cologne, through stories in books, through the internet. Life is full of stories. Let&#8217;s collect and share them!<br \/>\n<\/em><\/p>\n<p><em>Feel free to write me a personal mail via\u00a0travel(at)annamorena.de.<\/em><\/p>\n","protected":false},"excerpt":{"rendered":"<p>Hallo und herzlich Willkommen! Sch\u00f6n, dass Du auf meinen Blog gesto\u00dfen bist! Ich bin Anna, 29, Grafik Designerin und passionierte &hellip;<\/p>\n<p><a href=\"https:\/\/annamorena.de\/travelblog\/?page_id=6\">Continue reading &raquo;<\/a><\/p>\n","protected":false},"author":1,"featured_media":0,"parent":0,"menu_order":0,"comment_status":"open","ping_status":"open","template":"","meta":{"footnotes":"","_links_to":"","_links_to_target":""},"class_list":["post-6","page","type-page","status-publish","hentry"],"_links":{"self":[{"href":"https:\/\/annamorena.de\/travelblog\/index.php?rest_route=\/wp\/v2\/pages\/6","targetHints":{"allow":["GET"]}}],"collection":[{"href":"https:\/\/annamorena.de\/travelblog\/index.php?rest_route=\/wp\/v2\/pages"}],"about":[{"href":"https:\/\/annamorena.de\/travelblog\/index.php?rest_route=\/wp\/v2\/types\/page"}],"author":[{"embeddable":true,"href":"https:\/\/annamorena.de\/travelblog\/index.php?rest_route=\/wp\/v2\/users\/1"}],"replies":[{"embeddable":true,"href":"https:\/\/annamorena.de\/travelblog\/index.php?rest_route=%2Fwp%2Fv2%2Fcomments&post=6"}],"version-history":[{"count":6,"href":"https:\/\/annamorena.de\/travelblog\/index.php?rest_route=\/wp\/v2\/pages\/6\/revisions"}],"predecessor-version":[{"id":1401,"href":"https:\/\/annamorena.de\/travelblog\/index.php?rest_route=\/wp\/v2\/pages\/6\/revisions\/1401"}],"wp:attachment":[{"href":"https:\/\/annamorena.de\/travelblog\/index.php?rest_route=%2Fwp%2Fv2%2Fmedia&parent=6"}],"curies":[{"name":"wp","href":"https:\/\/api.w.org\/{rel}","templated":true}]}}